{"id":3490,"date":"2023-05-17T14:04:49","date_gmt":"2023-05-17T14:04:49","guid":{"rendered":"https:\/\/brigetio.hu\/digital-education\/"},"modified":"2023-06-21T09:15:18","modified_gmt":"2023-06-21T09:15:18","slug":"digital-education","status":"publish","type":"page","link":"https:\/\/brigetio.hu\/en\/museum-pedagogy\/digital-education\/","title":{"rendered":"Digital education"},"content":{"rendered":"<p>Downloadable knowledge base (Hungarian language publications):<\/p>\n<link rel=\"stylesheet\" href=\"https:\/\/brigetio.hu\/wp-content\/plugins\/elementor\/assets\/css\/widget-icon-box.min.css\">\n\t\t\t\t<a href=\"https:\/\/brigetio.hu\/wp-content\/uploads\/2023\/05\/40-eves-a-Komaromi-Klapka-Gyorgy-Muzeum.pdf\" target=\"_blank\" rel=\"noopener\"><br \/>\n\t\t\t\t<svg xmlns=\"http:\/\/www.w3.org\/2000\/svg\" xmlns:xlink=\"http:\/\/www.w3.org\/1999\/xlink\" id=\"Capa_1\" x=\"0px\" y=\"0px\" viewBox=\"0 0 512 512\" style=\"enable-background:new 0 0 512 512;\" xml:space=\"preserve\"><\/p>\n<style type=\"text\/css\">\t.st0{fill:#C7442F;}<\/style>\n<path d=\"M451.5,272c11,0,20-9,20-20V20c0-11-9-20-20-20H141.1c-0.2,0-0.4,0-0.6,0s-0.4,0-0.6,0h-39.4 c-33.1,0-60,26.9-60,60v392c0,33.1,26.9,60,60,60h351c11,0,20-9,20-20s-9-20-20-20h-351c-11,0-20-9-20-20c0-11,9-20,20-20h351 c11,0,20-9,20-20v-60c0-11-9-20-20-20c-11,0-20,9-20,20v40h-271V40h271v212C431.5,263.1,440.4,272,451.5,272z M120.5,392h-20 c-7,0-13.7,1.2-20,3.4V60c0-11,9-20,20-20h20V392z M361.5,119c11,0,20,9,20,20s-9,20-20,20h-131c-11,0-20-9-20-20c0-11,9-20,20-20 H361.5z\"><\/path><\/svg>\t\t\t\t<\/a><br \/>\n\t\t\t\t\t<a href=\"https:\/\/brigetio.hu\/wp-content\/uploads\/2023\/05\/40-eves-a-Komaromi-Klapka-Gyorgy-Muzeum.pdf\" target=\"_blank\" rel=\"noopener\"><br \/>\n\t\t\t\t\t\t40 years of the Gy\u00f6rgy Klapka Museum of Kom\u00e1rom,\t\t\t\t\t<\/a><\/p>\n<p>\n\t\t\t\t\t\t<strong> Emese Sz\u00e1mad\u00f3,<\/strong><br \/>\nKom\u00e1rom, 2005\t\t\t\t\t<\/p>\n<p>\t\t\t\t<a href=\"https:\/\/brigetio.hu\/wp-content\/uploads\/2023\/05\/Uj-Szonytol-Komaromig.pdf\" target=\"_blank\" rel=\"noopener\"><br \/>\n\t\t\t\t<svg xmlns=\"http:\/\/www.w3.org\/2000\/svg\" xmlns:xlink=\"http:\/\/www.w3.org\/1999\/xlink\" id=\"Capa_1\" x=\"0px\" y=\"0px\" viewBox=\"0 0 512 512\" style=\"enable-background:new 0 0 512 512;\" xml:space=\"preserve\"><\/p>\n<style type=\"text\/css\">\t.st0{fill:#C7442F;}<\/style>\n<path d=\"M451.5,272c11,0,20-9,20-20V20c0-11-9-20-20-20H141.1c-0.2,0-0.4,0-0.6,0s-0.4,0-0.6,0h-39.4 c-33.1,0-60,26.9-60,60v392c0,33.1,26.9,60,60,60h351c11,0,20-9,20-20s-9-20-20-20h-351c-11,0-20-9-20-20c0-11,9-20,20-20h351 c11,0,20-9,20-20v-60c0-11-9-20-20-20c-11,0-20,9-20,20v40h-271V40h271v212C431.5,263.1,440.4,272,451.5,272z M120.5,392h-20 c-7,0-13.7,1.2-20,3.4V60c0-11,9-20,20-20h20V392z M361.5,119c11,0,20,9,20,20s-9,20-20,20h-131c-11,0-20-9-20-20c0-11,9-20,20-20 H361.5z\"><\/path><\/svg>\t\t\t\t<\/a><br \/>\n\t\t\t\t\t<a href=\"https:\/\/brigetio.hu\/wp-content\/uploads\/2023\/05\/Uj-Szonytol-Komaromig.pdf\" target=\"_blank\" rel=\"noopener\"><br \/>\n\t\t\t\t\t\tFrom \u00daj-Sz\u0151ny to Kom\u00e1rom. History of the industry, craftsmen, merchants and innkeepers of Kom\u00e1rom, 1896-1951 \t\t\t\t\t<\/a><\/p>\n<p>\n\t\t\t\t\t\t<strong> Emese Sz\u00e1mad\u00f3,<\/strong><br \/>\nKom\u00e1rom, 2006 and 2014\t\t\t\t\t<\/p>\n<p>\t\t\t\t<a href=\"https:\/\/brigetio.hu\/wp-content\/uploads\/2023\/05\/Komarom-es-telepulesreszeinek-egyesulese.pdf\" target=\"_blank\" rel=\"noopener\"><br \/>\n\t\t\t\t<svg xmlns=\"http:\/\/www.w3.org\/2000\/svg\" xmlns:xlink=\"http:\/\/www.w3.org\/1999\/xlink\" id=\"Capa_1\" x=\"0px\" y=\"0px\" viewBox=\"0 0 512 512\" style=\"enable-background:new 0 0 512 512;\" xml:space=\"preserve\"><\/p>\n<style type=\"text\/css\">\t.st0{fill:#C7442F;}<\/style>\n<path d=\"M451.5,272c11,0,20-9,20-20V20c0-11-9-20-20-20H141.1c-0.2,0-0.4,0-0.6,0s-0.4,0-0.6,0h-39.4 c-33.1,0-60,26.9-60,60v392c0,33.1,26.9,60,60,60h351c11,0,20-9,20-20s-9-20-20-20h-351c-11,0-20-9-20-20c0-11,9-20,20-20h351 c11,0,20-9,20-20v-60c0-11-9-20-20-20c-11,0-20,9-20,20v40h-271V40h271v212C431.5,263.1,440.4,272,451.5,272z M120.5,392h-20 c-7,0-13.7,1.2-20,3.4V60c0-11,9-20,20-20h20V392z M361.5,119c11,0,20,9,20,20s-9,20-20,20h-131c-11,0-20-9-20-20c0-11,9-20,20-20 H361.5z\"><\/path><\/svg>\t\t\t\t<\/a><br \/>\n\t\t\t\t\t<a href=\"https:\/\/brigetio.hu\/wp-content\/uploads\/2023\/05\/Komarom-es-telepulesreszeinek-egyesulese.pdf\" target=\"_blank\" rel=\"noopener\"><br \/>\n\t\t\t\t\t\tHistory of Kom\u00e1rom and its districts\t\t\t\t\t<\/a><\/p>\n<p>\n\t\t\t\t\t\t<strong>Emese Sz\u00e1mad\u00f3 \u2013 Ren\u00e1ta Herczeg \u2013 Zsolt Turi,<\/strong><br \/>\nKom\u00e1rom, 2007\t\t\t\t\t<\/p>\n<p>\t\t\t\t<a href=\"https:\/\/brigetio.hu\/wp-content\/uploads\/2023\/05\/Hetkoznapi-ahitat.pdf\" target=\"_blank\" rel=\"noopener\"><br \/>\n\t\t\t\t<svg xmlns=\"http:\/\/www.w3.org\/2000\/svg\" xmlns:xlink=\"http:\/\/www.w3.org\/1999\/xlink\" id=\"Capa_1\" x=\"0px\" y=\"0px\" viewBox=\"0 0 512 512\" style=\"enable-background:new 0 0 512 512;\" xml:space=\"preserve\"><\/p>\n<style type=\"text\/css\">\t.st0{fill:#C7442F;}<\/style>\n<path d=\"M451.5,272c11,0,20-9,20-20V20c0-11-9-20-20-20H141.1c-0.2,0-0.4,0-0.6,0s-0.4,0-0.6,0h-39.4 c-33.1,0-60,26.9-60,60v392c0,33.1,26.9,60,60,60h351c11,0,20-9,20-20s-9-20-20-20h-351c-11,0-20-9-20-20c0-11,9-20,20-20h351 c11,0,20-9,20-20v-60c0-11-9-20-20-20c-11,0-20,9-20,20v40h-271V40h271v212C431.5,263.1,440.4,272,451.5,272z M120.5,392h-20 c-7,0-13.7,1.2-20,3.4V60c0-11,9-20,20-20h20V392z M361.5,119c11,0,20,9,20,20s-9,20-20,20h-131c-11,0-20-9-20-20c0-11,9-20,20-20 H361.5z\"><\/path><\/svg>\t\t\t\t<\/a><br \/>\n\t\t\t\t\t<a href=\"https:\/\/brigetio.hu\/wp-content\/uploads\/2023\/05\/Hetkoznapi-ahitat.pdf\" target=\"_blank\" rel=\"noopener\"><br \/>\n\t\t\t\t\t\tWeekday devotions. The religiousness of the Upper Hungary people \t\t\t\t\t<\/a><\/p>\n<p>\n\t\t\t\t\t\t<strong>Istv\u00e1nn\u00e9 Horsa,<\/strong><br \/>\nKom\u00e1rom, 2008\t\t\t\t\t<\/p>\n<p>\t\t\t\t<a href=\"https:\/\/brigetio.hu\/wp-content\/uploads\/2023\/05\/SOLI-DEO-GLORIA.pdf\" target=\"_blank\" rel=\"noopener\"><br \/>\n\t\t\t\t<svg xmlns=\"http:\/\/www.w3.org\/2000\/svg\" xmlns:xlink=\"http:\/\/www.w3.org\/1999\/xlink\" id=\"Capa_1\" x=\"0px\" y=\"0px\" viewBox=\"0 0 512 512\" style=\"enable-background:new 0 0 512 512;\" xml:space=\"preserve\"><\/p>\n<style type=\"text\/css\">\t.st0{fill:#C7442F;}<\/style>\n<path d=\"M451.5,272c11,0,20-9,20-20V20c0-11-9-20-20-20H141.1c-0.2,0-0.4,0-0.6,0s-0.4,0-0.6,0h-39.4 c-33.1,0-60,26.9-60,60v392c0,33.1,26.9,60,60,60h351c11,0,20-9,20-20s-9-20-20-20h-351c-11,0-20-9-20-20c0-11,9-20,20-20h351 c11,0,20-9,20-20v-60c0-11-9-20-20-20c-11,0-20,9-20,20v40h-271V40h271v212C431.5,263.1,440.4,272,451.5,272z M120.5,392h-20 c-7,0-13.7,1.2-20,3.4V60c0-11,9-20,20-20h20V392z M361.5,119c11,0,20,9,20,20s-9,20-20,20h-131c-11,0-20-9-20-20c0-11,9-20,20-20 H361.5z\"><\/path><\/svg>\t\t\t\t<\/a><br \/>\n\t\t\t\t\t<a href=\"https:\/\/brigetio.hu\/wp-content\/uploads\/2023\/05\/SOLI-DEO-GLORIA.pdf\" target=\"_blank\" rel=\"noopener\"><br \/>\n\t\t\t\t\t\tSoli Deo gloria.&#8221; The history of the Protestant churches in Kom\u00e1rom, on both banks of the Danube\t\t\t\t\t<\/a><\/p>\n<p>\n\t\t\t\t\t\t<strong>Emese Sz\u00e1mad\u00f3 \u2013 Zsolt Turi \u2013\u00c9va Fritz Beke \u2013Vilmos Galo \u2013Piroska K\u00f6rtv\u00e9lyesi \u2013S\u00e1ndor M\u00e9sz\u00e1ros \u2013B\u00e9la Bath\u00f3<br \/>\n<\/strong><br \/>\nKom\u00e1rom, 2017\t\t\t\t\t<\/p>\n<p>\t\t\t\t<a href=\"https:\/\/brigetio.hu\/wp-content\/uploads\/2023\/05\/Romai-kori-falfesteszet-Pannoniaban.pdf\" target=\"_blank\" rel=\"noopener\"><br \/>\n\t\t\t\t<svg xmlns=\"http:\/\/www.w3.org\/2000\/svg\" xmlns:xlink=\"http:\/\/www.w3.org\/1999\/xlink\" id=\"Capa_1\" x=\"0px\" y=\"0px\" viewBox=\"0 0 512 512\" style=\"enable-background:new 0 0 512 512;\" xml:space=\"preserve\"><\/p>\n<style type=\"text\/css\">\t.st0{fill:#C7442F;}<\/style>\n<path d=\"M451.5,272c11,0,20-9,20-20V20c0-11-9-20-20-20H141.1c-0.2,0-0.4,0-0.6,0s-0.4,0-0.6,0h-39.4 c-33.1,0-60,26.9-60,60v392c0,33.1,26.9,60,60,60h351c11,0,20-9,20-20s-9-20-20-20h-351c-11,0-20-9-20-20c0-11,9-20,20-20h351 c11,0,20-9,20-20v-60c0-11-9-20-20-20c-11,0-20,9-20,20v40h-271V40h271v212C431.5,263.1,440.4,272,451.5,272z M120.5,392h-20 c-7,0-13.7,1.2-20,3.4V60c0-11,9-20,20-20h20V392z M361.5,119c11,0,20,9,20,20s-9,20-20,20h-131c-11,0-20-9-20-20c0-11,9-20,20-20 H361.5z\"><\/path><\/svg>\t\t\t\t<\/a><br \/>\n\t\t\t\t\t<a href=\"https:\/\/brigetio.hu\/wp-content\/uploads\/2023\/05\/Romai-kori-falfesteszet-Pannoniaban.pdf\" target=\"_blank\" rel=\"noopener\"><br \/>\n\t\t\t\t\t\tRoman wall painting in Pannonia. International conference proceedings. \t\t\t\t\t<\/a><\/p>\n<p>\n\t\t\t\t\t\t(Acta Archaeologica Brigetionensia Ser I. Vol. 1.) <br \/>\n<strong>Borhy L\u00e1szl\u00f3 (editor),<\/strong><br \/>\nKom\u00e1rom, 2000\t\t\t\t\t<\/p>\n<p>\t\t\t\t<a href=\"https:\/\/brigetio.hu\/wp-content\/uploads\/2023\/05\/Romai-kori-csontfaragvanyok-es-modern-hamisitvanyok.pdf\" target=\"_blank\" rel=\"noopener\"><br \/>\n\t\t\t\t<svg xmlns=\"http:\/\/www.w3.org\/2000\/svg\" xmlns:xlink=\"http:\/\/www.w3.org\/1999\/xlink\" id=\"Capa_1\" x=\"0px\" y=\"0px\" viewBox=\"0 0 512 512\" style=\"enable-background:new 0 0 512 512;\" xml:space=\"preserve\"><\/p>\n<style type=\"text\/css\">\t.st0{fill:#C7442F;}<\/style>\n<path d=\"M451.5,272c11,0,20-9,20-20V20c0-11-9-20-20-20H141.1c-0.2,0-0.4,0-0.6,0s-0.4,0-0.6,0h-39.4 c-33.1,0-60,26.9-60,60v392c0,33.1,26.9,60,60,60h351c11,0,20-9,20-20s-9-20-20-20h-351c-11,0-20-9-20-20c0-11,9-20,20-20h351 c11,0,20-9,20-20v-60c0-11-9-20-20-20c-11,0-20,9-20,20v40h-271V40h271v212C431.5,263.1,440.4,272,451.5,272z M120.5,392h-20 c-7,0-13.7,1.2-20,3.4V60c0-11,9-20,20-20h20V392z M361.5,119c11,0,20,9,20,20s-9,20-20,20h-131c-11,0-20-9-20-20c0-11,9-20,20-20 H361.5z\"><\/path><\/svg>\t\t\t\t<\/a><br \/>\n\t\t\t\t\t<a href=\"https:\/\/brigetio.hu\/wp-content\/uploads\/2023\/05\/Romai-kori-csontfaragvanyok-es-modern-hamisitvanyok.pdf\" target=\"_blank\" rel=\"noopener\"><br \/>\n\t\t\t\t\t\tRoman bone carvings and modern fakes. Bone carving art in Brigetio \t\t\t\t\t<\/a><\/p>\n<p>\n\t\t\t\t\t\t(Acta Archaeologica Brigetionensia Ser I. Vol. 2.)<br \/>\n<strong>L\u00e1szl\u00f3 Borhy \u2013D\u00e1vid Bartus \u2013Gabriella F\u00e9nyes \u2013Mih\u00e1ly Mikl\u00f3sity Sz\u0151ke \u2013Judit P\u00e1szt\u00f3kai Sze\u0151ke \u2013Emese Sz\u00e1mad\u00f3,<br \/>\n<\/strong><br \/>\nKom\u00e1rom, 2001\t\t\t\t\t<\/p>\n<p>\t\t\t\t<a href=\"https:\/\/brigetio.hu\/wp-content\/uploads\/2023\/05\/Borhy-Laszlo-Szamado-Emese-Gemmak-gemmas-gyuruk-es-ekszerek-Brigetioban.pdf\" target=\"_blank\" rel=\"noopener\"><br \/>\n\t\t\t\t<svg xmlns=\"http:\/\/www.w3.org\/2000\/svg\" xmlns:xlink=\"http:\/\/www.w3.org\/1999\/xlink\" id=\"Capa_1\" x=\"0px\" y=\"0px\" viewBox=\"0 0 512 512\" style=\"enable-background:new 0 0 512 512;\" xml:space=\"preserve\"><\/p>\n<style type=\"text\/css\">\t.st0{fill:#C7442F;}<\/style>\n<path d=\"M451.5,272c11,0,20-9,20-20V20c0-11-9-20-20-20H141.1c-0.2,0-0.4,0-0.6,0s-0.4,0-0.6,0h-39.4 c-33.1,0-60,26.9-60,60v392c0,33.1,26.9,60,60,60h351c11,0,20-9,20-20s-9-20-20-20h-351c-11,0-20-9-20-20c0-11,9-20,20-20h351 c11,0,20-9,20-20v-60c0-11-9-20-20-20c-11,0-20,9-20,20v40h-271V40h271v212C431.5,263.1,440.4,272,451.5,272z M120.5,392h-20 c-7,0-13.7,1.2-20,3.4V60c0-11,9-20,20-20h20V392z M361.5,119c11,0,20,9,20,20s-9,20-20,20h-131c-11,0-20-9-20-20c0-11,9-20,20-20 H361.5z\"><\/path><\/svg>\t\t\t\t<\/a><br \/>\n\t\t\t\t\t<a href=\"https:\/\/brigetio.hu\/wp-content\/uploads\/2023\/05\/Borhy-Laszlo-Szamado-Emese-Gemmak-gemmas-gyuruk-es-ekszerek-Brigetioban.pdf\" target=\"_blank\" rel=\"noopener\"><br \/>\n\t\t\t\t\t\tGems, gemstone rings and jewellery in Brigetio\t\t\t\t\t<\/a><\/p>\n<p>\n\t\t\t\t\t\t(Acta Archaeologica Brigetionensia Ser I. Vol. 4.)<br \/>\n<strong>L\u00e1szl\u00f3 Borhy \u2013 Emese Sz\u00e1mad\u00f3,<\/strong><br \/>\nKom\u00e1rom, 2003\t\t\t\t\t<\/p>\n<p>\t\t\t\t<a href=\"https:\/\/brigetio.hu\/wp-content\/uploads\/2023\/05\/Acta-Archaeologica.pdf\" target=\"_blank\" rel=\"noopener\"><br \/>\n\t\t\t\t<svg xmlns=\"http:\/\/www.w3.org\/2000\/svg\" xmlns:xlink=\"http:\/\/www.w3.org\/1999\/xlink\" id=\"Capa_1\" x=\"0px\" y=\"0px\" viewBox=\"0 0 512 512\" style=\"enable-background:new 0 0 512 512;\" xml:space=\"preserve\"><\/p>\n<style type=\"text\/css\">\t.st0{fill:#C7442F;}<\/style>\n<path d=\"M451.5,272c11,0,20-9,20-20V20c0-11-9-20-20-20H141.1c-0.2,0-0.4,0-0.6,0s-0.4,0-0.6,0h-39.4 c-33.1,0-60,26.9-60,60v392c0,33.1,26.9,60,60,60h351c11,0,20-9,20-20s-9-20-20-20h-351c-11,0-20-9-20-20c0-11,9-20,20-20h351 c11,0,20-9,20-20v-60c0-11-9-20-20-20c-11,0-20,9-20,20v40h-271V40h271v212C431.5,263.1,440.4,272,451.5,272z M120.5,392h-20 c-7,0-13.7,1.2-20,3.4V60c0-11,9-20,20-20h20V392z M361.5,119c11,0,20,9,20,20s-9,20-20,20h-131c-11,0-20-9-20-20c0-11,9-20,20-20 H361.5z\"><\/path><\/svg>\t\t\t\t<\/a><br \/>\n\t\t\t\t\t<a href=\"https:\/\/brigetio.hu\/wp-content\/uploads\/2023\/05\/Acta-Archaeologica.pdf\" target=\"_blank\" rel=\"noopener\"><br \/>\n\t\t\t\t\t\tGuide to the Roman stone carvings of Kom\u00e1rom\t\t\t\t\t<\/a><\/p>\n<p>\n\t\t\t\t\t\t(Acta Archaeologica Brigetionensia Ser I. Vol. 5.)<br \/>\n<br \/>\n<strong>L\u00e1szl\u00f3 Borhy,<\/strong><br \/>\nKom\u00e1rom, 2006\t\t\t\t\t<\/p>\n<p>\t\t\t\t<a href=\"https:\/\/brigetio.hu\/wp-content\/uploads\/2023\/05\/Philippus_Arabs_csaszar_brigetioi_torven.pdf\" target=\"_blank\" rel=\"noopener\"><br \/>\n\t\t\t\t<svg xmlns=\"http:\/\/www.w3.org\/2000\/svg\" xmlns:xlink=\"http:\/\/www.w3.org\/1999\/xlink\" id=\"Capa_1\" x=\"0px\" y=\"0px\" viewBox=\"0 0 512 512\" style=\"enable-background:new 0 0 512 512;\" xml:space=\"preserve\"><\/p>\n<style type=\"text\/css\">\t.st0{fill:#C7442F;}<\/style>\n<path d=\"M451.5,272c11,0,20-9,20-20V20c0-11-9-20-20-20H141.1c-0.2,0-0.4,0-0.6,0s-0.4,0-0.6,0h-39.4 c-33.1,0-60,26.9-60,60v392c0,33.1,26.9,60,60,60h351c11,0,20-9,20-20s-9-20-20-20h-351c-11,0-20-9-20-20c0-11,9-20,20-20h351 c11,0,20-9,20-20v-60c0-11-9-20-20-20c-11,0-20,9-20,20v40h-271V40h271v212C431.5,263.1,440.4,272,451.5,272z M120.5,392h-20 c-7,0-13.7,1.2-20,3.4V60c0-11,9-20,20-20h20V392z M361.5,119c11,0,20,9,20,20s-9,20-20,20h-131c-11,0-20-9-20-20c0-11,9-20,20-20 H361.5z\"><\/path><\/svg>\t\t\t\t<\/a><br \/>\n\t\t\t\t\t<a href=\"https:\/\/brigetio.hu\/wp-content\/uploads\/2023\/05\/Philippus_Arabs_csaszar_brigetioi_torven.pdf\" target=\"_blank\" rel=\"noopener\"><br \/>\n\t\t\t\t\t\tEmperor Philip the Arab&#8217;s tablet of the law of Brigetio\t\t\t\t\t<\/a><\/p>\n<p>\n\t\t\t\t\t\t(Acta Archaeologica Brigetionensia Ser I. Vol. 7.)<br \/>\n<br \/>\n<strong>L\u00e1szl\u00f3 Borhy &#8211; D\u00e1vid Bartus \u2013 Emese Sz\u00e1mad\u00f3,<br \/>\n<\/strong><br \/>\nKom\u00e1rom, 2015\t\t\t\t\t<\/p>\n<p>\t\t\t\t<a href=\"https:\/\/brigetio.hu\/wp-content\/uploads\/2023\/05\/Bartus-David-Bronzistenek_Romai-kori-figuralis-bronzplasztika-Brigetioban.pdf\" target=\"_blank\" rel=\"noopener\"><br \/>\n\t\t\t\t<svg xmlns=\"http:\/\/www.w3.org\/2000\/svg\" xmlns:xlink=\"http:\/\/www.w3.org\/1999\/xlink\" id=\"Capa_1\" x=\"0px\" y=\"0px\" viewBox=\"0 0 512 512\" style=\"enable-background:new 0 0 512 512;\" xml:space=\"preserve\"><\/p>\n<style type=\"text\/css\">\t.st0{fill:#C7442F;}<\/style>\n<path d=\"M451.5,272c11,0,20-9,20-20V20c0-11-9-20-20-20H141.1c-0.2,0-0.4,0-0.6,0s-0.4,0-0.6,0h-39.4 c-33.1,0-60,26.9-60,60v392c0,33.1,26.9,60,60,60h351c11,0,20-9,20-20s-9-20-20-20h-351c-11,0-20-9-20-20c0-11,9-20,20-20h351 c11,0,20-9,20-20v-60c0-11-9-20-20-20c-11,0-20,9-20,20v40h-271V40h271v212C431.5,263.1,440.4,272,451.5,272z M120.5,392h-20 c-7,0-13.7,1.2-20,3.4V60c0-11,9-20,20-20h20V392z M361.5,119c11,0,20,9,20,20s-9,20-20,20h-131c-11,0-20-9-20-20c0-11,9-20,20-20 H361.5z\"><\/path><\/svg>\t\t\t\t<\/a><br \/>\n\t\t\t\t\t<a href=\"https:\/\/brigetio.hu\/wp-content\/uploads\/2023\/05\/Bartus-David-Bronzistenek_Romai-kori-figuralis-bronzplasztika-Brigetioban.pdf\" target=\"_blank\" rel=\"noopener\"><br \/>\n\t\t\t\t\t\tBronze gods. Roman figural bronze statues \t\t\t\t\t<\/a><\/p>\n<p>\n\t\t\t\t\t\t(Acta Archaeologica Brigetionensia Ser I. Vol. 8.)<br \/>\n<br \/>\n<strong>D\u00e1vid Bartus,<\/strong><br \/>\nKom\u00e1rom, 2015\t\t\t\t\t<\/p>\n<p>\t\t\t\t<a href=\"https:\/\/brigetio.hu\/wp-content\/uploads\/2023\/05\/Szinnyei-Jozsef-Komarom-1848-49-ben-Naplo-jegyzetek_compressed.pdf\" target=\"_blank\" rel=\"noopener\"><br \/>\n\t\t\t\t<svg xmlns=\"http:\/\/www.w3.org\/2000\/svg\" xmlns:xlink=\"http:\/\/www.w3.org\/1999\/xlink\" id=\"Capa_1\" x=\"0px\" y=\"0px\" viewBox=\"0 0 512 512\" style=\"enable-background:new 0 0 512 512;\" xml:space=\"preserve\"><\/p>\n<style type=\"text\/css\">\t.st0{fill:#C7442F;}<\/style>\n<path d=\"M451.5,272c11,0,20-9,20-20V20c0-11-9-20-20-20H141.1c-0.2,0-0.4,0-0.6,0s-0.4,0-0.6,0h-39.4 c-33.1,0-60,26.9-60,60v392c0,33.1,26.9,60,60,60h351c11,0,20-9,20-20s-9-20-20-20h-351c-11,0-20-9-20-20c0-11,9-20,20-20h351 c11,0,20-9,20-20v-60c0-11-9-20-20-20c-11,0-20,9-20,20v40h-271V40h271v212C431.5,263.1,440.4,272,451.5,272z M120.5,392h-20 c-7,0-13.7,1.2-20,3.4V60c0-11,9-20,20-20h20V392z M361.5,119c11,0,20,9,20,20s-9,20-20,20h-131c-11,0-20-9-20-20c0-11,9-20,20-20 H361.5z\"><\/path><\/svg>\t\t\t\t<\/a><br \/>\n\t\t\t\t\t<a href=\"https:\/\/brigetio.hu\/wp-content\/uploads\/2023\/05\/Szinnyei-Jozsef-Komarom-1848-49-ben-Naplo-jegyzetek_compressed.pdf\" target=\"_blank\" rel=\"noopener\"><br \/>\n\t\t\t\t\t\tKom\u00e1rom in 1848-1849\t\t\t\t\t<\/a><\/p>\n<p>\n\t\t\t\t\t\t<strong>J\u00f3zsef Szinnyei,<\/strong><br \/>\nKom\u00e1rom, 2000\t\t\t\t\t<\/p>\n","protected":false},"excerpt":{"rendered":"<p>Downloadable knowledge base (Hungarian language publications): 40 years of the Gy\u00f6rgy Klapka Museum of Kom\u00e1rom, Emese Sz\u00e1mad\u00f3, Kom\u00e1rom, 2005 From \u00daj-Sz\u0151ny to Kom\u00e1rom. History of the industry, craftsmen, merchants and innkeepers of Kom\u00e1rom, 1896-1951 Emese Sz\u00e1mad\u00f3, Kom\u00e1rom, 2006 and 2014 History of Kom\u00e1rom and its districts Emese Sz\u00e1mad\u00f3 \u2013 Ren\u00e1ta Herczeg \u2013 Zsolt Turi, Kom\u00e1rom, [&hellip;]<\/p>\n","protected":false},"author":1,"featured_media":0,"parent":3559,"menu_order":0,"comment_status":"closed","ping_status":"closed","template":"","meta":{"_acf_changed":false,"footnotes":""},"class_list":["post-3490","page","type-page","status-publish","hentry"],"acf":[],"_links":{"self":[{"href":"https:\/\/brigetio.hu\/en\/wp-json\/wp\/v2\/pages\/3490","targetHints":{"allow":["GET"]}}],"collection":[{"href":"https:\/\/brigetio.hu\/en\/wp-json\/wp\/v2\/pages"}],"about":[{"href":"https:\/\/brigetio.hu\/en\/wp-json\/wp\/v2\/types\/page"}],"author":[{"embeddable":true,"href":"https:\/\/brigetio.hu\/en\/wp-json\/wp\/v2\/users\/1"}],"replies":[{"embeddable":true,"href":"https:\/\/brigetio.hu\/en\/wp-json\/wp\/v2\/comments?post=3490"}],"version-history":[{"count":0,"href":"https:\/\/brigetio.hu\/en\/wp-json\/wp\/v2\/pages\/3490\/revisions"}],"up":[{"embeddable":true,"href":"https:\/\/brigetio.hu\/en\/wp-json\/wp\/v2\/pages\/3559"}],"wp:attachment":[{"href":"https:\/\/brigetio.hu\/en\/wp-json\/wp\/v2\/media?parent=3490"}],"curies":[{"name":"wp","href":"https:\/\/api.w.org\/{rel}","templated":true}]}}