{"id":3344,"date":"2023-04-20T11:02:02","date_gmt":"2023-04-20T11:02:02","guid":{"rendered":"https:\/\/brigetio.hu\/interaktivne-nastroje\/"},"modified":"2023-06-21T09:15:31","modified_gmt":"2023-06-21T09:15:31","slug":"interaktivne-nastroje","status":"publish","type":"page","link":"https:\/\/brigetio.hu\/sk\/interaktivne-nastroje\/","title":{"rendered":"Interakt\u00edvne n\u00e1stroje"},"content":{"rendered":"\t\t<div data-elementor-type=\"wp-page\" data-elementor-id=\"3344\" class=\"elementor elementor-3344 elementor-21\" data-elementor-post-type=\"page\">\n\t\t\t\t\t\t<section class=\"elementor-section elementor-top-section elementor-element elementor-element-19f6fb4 elementor-section-full_width elementor-section-height-default elementor-section-height-default\" data-id=\"19f6fb4\" data-element_type=\"section\">\n\t\t\t\t\t\t<div class=\"elementor-container elementor-column-gap-default\">\n\t\t\t\t\t<div class=\"elementor-column elementor-col-50 elementor-top-column elementor-element elementor-element-43cf750\" data-id=\"43cf750\" data-element_type=\"column\" data-settings=\"{&quot;background_background&quot;:&quot;classic&quot;}\">\n\t\t\t<div class=\"elementor-widget-wrap elementor-element-populated\">\n\t\t\t\t\t\t<div class=\"elementor-element elementor-element-b70baf0 elementor-widget elementor-widget-heading\" data-id=\"b70baf0\" data-element_type=\"widget\" data-widget_type=\"heading.default\">\n\t\t\t\t<div class=\"elementor-widget-container\">\n\t\t\t\t\t<h1 class=\"elementor-heading-title elementor-size-default\">Interakt\u00edvne n\u00e1stroje<\/h1>\t\t\t\t<\/div>\n\t\t\t\t<\/div>\n\t\t\t\t<div class=\"elementor-element elementor-element-a52ac74 elementor-widget elementor-widget-text-editor\" data-id=\"a52ac74\" data-element_type=\"widget\" data-widget_type=\"text-editor.default\">\n\t\t\t\t<div class=\"elementor-widget-container\">\n\t\t\t\t\t\t\t\t\t<p><strong>Multim\u00e9di\u00e1:<\/strong><\/p>\n<p>Na v\u00fdstave poskytuj\u00fa n\u00e1v\u0161tevn\u00edkom inform\u00e1cie a sk\u00fasenosti monitory a dotykov\u00e9 obrazovky v dvoch jazykoch (ma\u010far\u010dina, angli\u010dtina). Na monitoroch sa premietaj\u00fa filmy zobrazuj\u00face jednotliv\u00e9 vykop\u00e1vky a dotykov\u00e9 obrazovky obsahuj\u00fa vzru\u0161uj\u00face hry s\u00favisiace s predmetmi na v\u00fdstave. Hry si m\u00f4\u017eu vychutna\u0165 v\u0161etky vekov\u00e9 kateg\u00f3rie!  <\/p>\n\t\t\t\t\t\t\t\t<\/div>\n\t\t\t\t<\/div>\n\t\t\t\t\t<\/div>\n\t\t<\/div>\n\t\t\t\t<div class=\"elementor-column elementor-col-50 elementor-top-column elementor-element elementor-element-c9e3fd9\" data-id=\"c9e3fd9\" data-element_type=\"column\" data-settings=\"{&quot;background_background&quot;:&quot;classic&quot;}\">\n\t\t\t<div class=\"elementor-widget-wrap elementor-element-populated\">\n\t\t\t\t\t\t<div class=\"elementor-element elementor-element-050ac69 elementor-widget elementor-widget-spacer\" data-id=\"050ac69\" data-element_type=\"widget\" data-widget_type=\"spacer.default\">\n\t\t\t\t<div class=\"elementor-widget-container\">\n\t\t\t\t\t\t\t<div class=\"elementor-spacer\">\n\t\t\t<div class=\"elementor-spacer-inner\"><\/div>\n\t\t<\/div>\n\t\t\t\t\t\t<\/div>\n\t\t\t\t<\/div>\n\t\t\t\t\t<\/div>\n\t\t<\/div>\n\t\t\t\t\t<\/div>\n\t\t<\/section>\n\t\t\t\t<section class=\"elementor-section elementor-top-section elementor-element elementor-element-a3821da elementor-section-full_width elementor-section-height-default elementor-section-height-default\" data-id=\"a3821da\" data-element_type=\"section\">\n\t\t\t\t\t\t<div class=\"elementor-container elementor-column-gap-default\">\n\t\t\t\t\t<div class=\"elementor-column elementor-col-50 elementor-top-column elementor-element elementor-element-2ae64e1\" data-id=\"2ae64e1\" data-element_type=\"column\" data-settings=\"{&quot;background_background&quot;:&quot;classic&quot;}\">\n\t\t\t<div class=\"elementor-widget-wrap elementor-element-populated\">\n\t\t\t\t\t\t<div class=\"elementor-element elementor-element-7fb9ed3 elementor-widget elementor-widget-spacer\" data-id=\"7fb9ed3\" data-element_type=\"widget\" data-widget_type=\"spacer.default\">\n\t\t\t\t<div class=\"elementor-widget-container\">\n\t\t\t\t\t\t\t<div class=\"elementor-spacer\">\n\t\t\t<div class=\"elementor-spacer-inner\"><\/div>\n\t\t<\/div>\n\t\t\t\t\t\t<\/div>\n\t\t\t\t<\/div>\n\t\t\t\t\t<\/div>\n\t\t<\/div>\n\t\t\t\t<div class=\"elementor-column elementor-col-50 elementor-top-column elementor-element elementor-element-a768b24\" data-id=\"a768b24\" data-element_type=\"column\" data-settings=\"{&quot;background_background&quot;:&quot;classic&quot;}\">\n\t\t\t<div class=\"elementor-widget-wrap elementor-element-populated\">\n\t\t\t\t\t\t<div class=\"elementor-element elementor-element-5ac5b61 elementor-widget elementor-widget-text-editor\" data-id=\"5ac5b61\" data-element_type=\"widget\" data-widget_type=\"text-editor.default\">\n\t\t\t\t<div class=\"elementor-widget-container\">\n\t\t\t\t\t\t\t\t\t<p><strong>Komentovan\u00e1 prehliadka za pomoci QR k\u00f3dov:<\/strong><\/p>\n<p>Dvojjazy\u010dn\u00e9 (ma\u010farsko-anglick\u00e9) textov\u00e9 a obrazov\u00e9 inform\u00e1cie na v\u00fdstave dop\u013a\u0148aj\u00fa dlh\u0161ie \u0161tvorjazy\u010dn\u00e9 (ma\u010far\u010dina, angli\u010dtina, nem\u010dina a sloven\u010dina) \u010ditate\u013en\u00e9 a po\u010dute\u013en\u00e9 texty a obrazov\u00fd obsah, ktor\u00e9 s\u00fa dostupn\u00e9 za pomoci QR k\u00f3dov umiestnen\u00fdch v expoz\u00edcii. Ak \u010d\u00edtanie QR k\u00f3dov nezvl\u00e1dne fotoapar\u00e1t telef\u00f3nu automaticky, potrebn\u00e1 aplik\u00e1cia sa d\u00e1 bezplatne stiahnu\u0165 z Play Store. Pre t\u00fdch, ktor\u00ed nemaj\u00fa pr\u00edstup na internet, je k dispoz\u00edcii Wi-Fi sie\u0165 m\u00fazea. V\u0161etk\u00fdm n\u00e1v\u0161tevn\u00edkom s\u00fa samozrejme k dispoz\u00edcii aj na\u0161i informovan\u00ed sprievodcovia v\u00fdstavou.   <\/p>\n\t\t\t\t\t\t\t\t<\/div>\n\t\t\t\t<\/div>\n\t\t\t\t\t<\/div>\n\t\t<\/div>\n\t\t\t\t\t<\/div>\n\t\t<\/section>\n\t\t\t\t<section class=\"elementor-section elementor-top-section elementor-element elementor-element-7479329 elementor-section-full_width elementor-section-height-default elementor-section-height-default\" data-id=\"7479329\" data-element_type=\"section\">\n\t\t\t\t\t\t<div class=\"elementor-container elementor-column-gap-default\">\n\t\t\t\t\t<div class=\"elementor-column elementor-col-50 elementor-top-column elementor-element elementor-element-ce24a56\" data-id=\"ce24a56\" data-element_type=\"column\" data-settings=\"{&quot;background_background&quot;:&quot;classic&quot;}\">\n\t\t\t<div class=\"elementor-widget-wrap elementor-element-populated\">\n\t\t\t\t\t\t<div class=\"elementor-element elementor-element-3a816e2 elementor-widget elementor-widget-text-editor\" data-id=\"3a816e2\" data-element_type=\"widget\" data-widget_type=\"text-editor.default\">\n\t\t\t\t<div class=\"elementor-widget-container\">\n\t\t\t\t\t\t\t\t\t<p><strong>VR:<\/strong><\/p>\n<p>Dvojjazy\u010dn\u00e9 (ma\u010farsko-anglick\u00e9) textov\u00e9 a obrazov\u00e9 inform\u00e1cie na v\u00fdstave dop\u013a\u0148aj\u00fa dlh\u0161ie \u0161tvorjazy\u010dn\u00e9 (ma\u010far\u010dina, angli\u010dtina, nem\u010dina a sloven\u010dina) \u010ditate\u013en\u00e9 a po\u010dute\u013en\u00e9 texty a obrazov\u00fd obsah, ktor\u00e9 s\u00fa dostupn\u00e9 za pomoci QR k\u00f3dov umiestnen\u00fdch v expoz\u00edcii. Ak \u010d\u00edtanie QR k\u00f3dov nezvl\u00e1dne fotoapar\u00e1t telef\u00f3nu automaticky, potrebn\u00e1 aplik\u00e1cia sa d\u00e1 bezplatne stiahnu\u0165 z Play Store. Pre t\u00fdch, ktor\u00ed nemaj\u00fa pr\u00edstup na internet, je k dispoz\u00edcii Wi-Fi sie\u0165 m\u00fazea. V\u0161etk\u00fdm n\u00e1v\u0161tevn\u00edkom s\u00fa samozrejme k dispoz\u00edcii aj na\u0161i informovan\u00ed sprievodcovia v\u00fdstavou.   <\/p>\n\t\t\t\t\t\t\t\t<\/div>\n\t\t\t\t<\/div>\n\t\t\t\t\t<\/div>\n\t\t<\/div>\n\t\t\t\t<div class=\"elementor-column elementor-col-50 elementor-top-column elementor-element elementor-element-1c69361\" data-id=\"1c69361\" data-element_type=\"column\" data-settings=\"{&quot;background_background&quot;:&quot;classic&quot;}\">\n\t\t\t<div class=\"elementor-widget-wrap elementor-element-populated\">\n\t\t\t\t\t\t<div class=\"elementor-element elementor-element-5a589b8 elementor-widget elementor-widget-spacer\" data-id=\"5a589b8\" data-element_type=\"widget\" data-widget_type=\"spacer.default\">\n\t\t\t\t<div class=\"elementor-widget-container\">\n\t\t\t\t\t\t\t<div class=\"elementor-spacer\">\n\t\t\t<div class=\"elementor-spacer-inner\"><\/div>\n\t\t<\/div>\n\t\t\t\t\t\t<\/div>\n\t\t\t\t<\/div>\n\t\t\t\t\t<\/div>\n\t\t<\/div>\n\t\t\t\t\t<\/div>\n\t\t<\/section>\n\t\t\t\t<section class=\"elementor-section elementor-top-section elementor-element elementor-element-bc0923f elementor-section-boxed elementor-section-height-default elementor-section-height-default\" data-id=\"bc0923f\" data-element_type=\"section\">\n\t\t\t\t\t\t<div class=\"elementor-container elementor-column-gap-default\">\n\t\t\t\t\t<div class=\"elementor-column elementor-col-100 elementor-top-column elementor-element elementor-element-9f12699\" data-id=\"9f12699\" data-element_type=\"column\">\n\t\t\t<div class=\"elementor-widget-wrap\">\n\t\t\t\t\t\t\t<\/div>\n\t\t<\/div>\n\t\t\t\t\t<\/div>\n\t\t<\/section>\n\t\t\t\t<\/div>\n\t\t","protected":false},"excerpt":{"rendered":"<p>Interakt\u00edvne n\u00e1stroje Multim\u00e9di\u00e1: Na v\u00fdstave poskytuj\u00fa n\u00e1v\u0161tevn\u00edkom inform\u00e1cie a sk\u00fasenosti monitory a dotykov\u00e9 obrazovky v dvoch jazykoch (ma\u010far\u010dina, angli\u010dtina). Na monitoroch sa premietaj\u00fa filmy zobrazuj\u00face jednotliv\u00e9 vykop\u00e1vky a dotykov\u00e9 obrazovky obsahuj\u00fa vzru\u0161uj\u00face hry s\u00favisiace s predmetmi na v\u00fdstave. Hry si m\u00f4\u017eu vychutna\u0165 v\u0161etky vekov\u00e9 kateg\u00f3rie! Komentovan\u00e1 prehliadka za pomoci QR k\u00f3dov: Dvojjazy\u010dn\u00e9 (ma\u010farsko-anglick\u00e9) textov\u00e9 a [&hellip;]<\/p>\n","protected":false},"author":1,"featured_media":0,"parent":0,"menu_order":0,"comment_status":"closed","ping_status":"closed","template":"","meta":{"_acf_changed":false,"footnotes":""},"class_list":["post-3344","page","type-page","status-publish","hentry"],"acf":[],"_links":{"self":[{"href":"https:\/\/brigetio.hu\/sk\/wp-json\/wp\/v2\/pages\/3344","targetHints":{"allow":["GET"]}}],"collection":[{"href":"https:\/\/brigetio.hu\/sk\/wp-json\/wp\/v2\/pages"}],"about":[{"href":"https:\/\/brigetio.hu\/sk\/wp-json\/wp\/v2\/types\/page"}],"author":[{"embeddable":true,"href":"https:\/\/brigetio.hu\/sk\/wp-json\/wp\/v2\/users\/1"}],"replies":[{"embeddable":true,"href":"https:\/\/brigetio.hu\/sk\/wp-json\/wp\/v2\/comments?post=3344"}],"version-history":[{"count":0,"href":"https:\/\/brigetio.hu\/sk\/wp-json\/wp\/v2\/pages\/3344\/revisions"}],"wp:attachment":[{"href":"https:\/\/brigetio.hu\/sk\/wp-json\/wp\/v2\/media?parent=3344"}],"curies":[{"name":"wp","href":"https:\/\/api.w.org\/{rel}","templated":true}]}}