{"id":3366,"date":"2023-06-06T13:35:20","date_gmt":"2023-06-06T13:35:20","guid":{"rendered":"https:\/\/brigetio.hu\/napisali-o-nas\/"},"modified":"2023-06-30T12:45:33","modified_gmt":"2023-06-30T12:45:33","slug":"napisali-o-nas","status":"publish","type":"page","link":"https:\/\/brigetio.hu\/sk\/napisali-o-nas\/","title":{"rendered":"Nap\u00edsali o n\u00e1s"},"content":{"rendered":"\n<p><strong>Tla\u010dov\u00e9 spr\u00e1vy t\u00fdkaj\u00face sa N\u00e1v\u0161tevn\u00edckeho centra Brigetio a jeho otvorenia (v ma\u010farskom jazyku):<\/strong><\/p>\n\n<ul class=\"wp-block-list\">\n<li><a href=\"https:\/\/www.kemma.hu\/helyi-kozelet\/2021\/06\/a-komaromiak-bepillanthattak-a-brigetio-oroksege-latogatokozpontba\" target=\"_blank\" rel=\"noopener\">https:\/\/www.kemma.hu\/helyi-kozelet\/2021\/06\/a-komaromiak-bepillanthattak-a-brigetio-oroksege-latogatokozpontba<\/a> (2021.06.28.)<\/li>\n\n\n\n<li><a href=\"https:\/\/iranykomarom.hu\/hu\/komaromi-hirek-200\/tobb-szazan-neztek-meg-a-brigetio-latogatokozpontot-a-muzeumok-ejszakajan\" target=\"_blank\" rel=\"noopener\">https:\/\/iranykomarom.hu\/hu\/komaromi-hirek-200\/tobb-szazan-neztek-meg-a-brigetio-latogatokozpontot-a-muzeumok-ejszakajan<\/a> (2021.06.29.)<\/li>\n\n\n\n<li><a href=\"https:\/\/www.kisalfold.hu\/helyi-kozelet\/2023\/02\/seta-a-komaromi-brigetio-oroksege-latogatokozpontban\" target=\"_blank\" rel=\"noopener\">https:\/\/www.kisalfold.hu\/helyi-kozelet\/2023\/02\/seta-a-komaromi-brigetio-oroksege-latogatokozpontban<\/a> (2023.02.21.)<\/li>\n\n\n\n<li><a href=\"https:\/\/www.bumm.sk\/regio\/2023\/02\/23\/belestunk-a-del-komaromi-brigetio-oroksege-latogatokozpontba\" target=\"_blank\" rel=\"noopener\">https:\/\/www.bumm.sk\/regio\/2023\/02\/23\/belestunk-a-del-komaromi-brigetio-oroksege-latogatokozpontba<\/a> (2023.02.23.)<\/li>\n\n\n\n<li><a href=\"https:\/\/felvidek.ma\/esemeny\/seta-a-brigetio-oroksege-latogatokozpontban\/\" target=\"_blank\" rel=\"noopener\">https:\/\/felvidek.ma\/esemeny\/seta-a-brigetio-oroksege-latogatokozpontban\/<\/a> (2023.02.25.)<\/li>\n\n\n\n<li><a href=\"https:\/\/ujszo.com\/regio\/igazi-varosi-beruhazas-bejartak-a-brigetio-oroksege-latogatokozpontot\" target=\"_blank\" rel=\"noopener\">https:\/\/ujszo.com\/regio\/igazi-varosi-beruhazas-bejartak-a-brigetio-oroksege-latogatokozpontot<\/a> (2023.02.26.)<\/li>\n\n\n\n<li><a href=\"http:\/\/komaromtv.hu\/2023\/02\/28\/ismet-megnyilt-egy-napra-a-brigetio-latogatokozpont-kapuja\/\" target=\"_blank\" rel=\"noopener\">http:\/\/komaromtv.hu\/2023\/02\/28\/ismet-megnyilt-egy-napra-a-brigetio-latogatokozpont-kapuja\/<\/a> (2023.02.28.)<\/li>\n\n\n\n<li><a href=\"https:\/\/www.kemma.hu\/helyi-kozelet\/2023\/04\/hamarosan-megnyitjak-a-latogatokozpontot-komaromban\" target=\"_blank\" rel=\"noopener\">https:\/\/www.kemma.hu\/helyi-kozelet\/2023\/04\/hamarosan-megnyitjak-a-latogatokozpontot-komaromban<\/a> (2023.04.05.)<\/li>\n\n\n\n<li><a href=\"https:\/\/sziakomarom.sk\/aprilis-28-tol-varja-a-latogatokat-az-uj-del-komaromi-muzeum\/?fbclid=IwAR1jYBJO2W6UT-SnIb7TYptCk_ar_X4baZzL6FiT9b7TpQ-Y1rj37Dh5B9Q\" target=\"_blank\" rel=\"noopener\">https:\/\/sziakomarom.sk\/aprilis-28-tol-varja-a-latogatokat-az-uj-del-komaromi-muzeum\/<\/a> (2023.04.14.)<\/li>\n\n\n\n<li><a href=\"https:\/\/mimegyenk.hu\/programok\/a-brigetio-oroksege-latogatokozpont-unnepelyes-megnyitoja\" target=\"_blank\" rel=\"noopener\">https:\/\/mimegyenk.hu\/programok\/a-brigetio-oroksege-latogatokozpont-unnepelyes-megnyitoja<\/a><\/li>\n\n\n\n<li><a href=\"https:\/\/www.kemma.hu\/helyi-kozelet\/2023\/04\/modern-kornyezetben-kaptak-helyet-a-komaromi-a-romai-kori-emlekek-fotok\" target=\"_blank\" rel=\"noopener\">https:\/\/www.kemma.hu\/helyi-kozelet\/2023\/04\/modern-kornyezetben-kaptak-helyet-a-komaromi-a-romai-kori-emlekek-fotok<\/a> (megjelen\u00e9s: 2023.04.28.)<\/li>\n\n\n\n<li><a href=\"https:\/\/www.kemma.hu\/helyi-kozelet\/2023\/04\/penteki-komaromi-programok\" target=\"_blank\" rel=\"noopener\">https:\/\/www.kemma.hu\/helyi-kozelet\/2023\/04\/penteki-komaromi-programok<\/a> (megjelen\u00e9s: 2023.04.28.)<\/li>\n\n\n\n<li><a href=\"https:\/\/www.kemma.hu\/helyi-kozelet\/2023\/04\/a-varos-mackoival-fogadtak-az-uj-komaromi-latogatokozpont-vendegeit\" target=\"_blank\" rel=\"noopener\">https:\/\/www.kemma.hu\/helyi-kozelet\/2023\/04\/a-varos-mackoival-fogadtak-az-uj-komaromi-latogatokozpont-vendegeit<\/a> (2023.04.29.)<\/li>\n\n\n\n<li><a href=\"https:\/\/kultura.hu\/megnyilt-a-brigetio-oroksege-latogatokozpont-komaromban\/\" target=\"_blank\" rel=\"noopener\">https:\/\/kultura.hu\/megnyilt-a-brigetio-oroksege-latogatokozpont-komaromban\/<\/a> (2023.04.28.)<\/li>\n\n\n\n<li><a href=\"https:\/\/www.bumm.sk\/regio\/2023\/04\/28\/aprilis-28-tol-latogathato-a-del-komaromi-brigetio-oroksege-latogatokozpont\" target=\"_blank\" rel=\"noopener\">https:\/\/www.bumm.sk\/regio\/2023\/04\/28\/aprilis-28-tol-latogathato-a-del-komaromi-brigetio-oroksege-latogatokozpont<\/a> (2023.04.28.)<\/li>\n\n\n\n<li><a href=\"https:\/\/frisshirek.hu\/cikk\/20230428_megnyilt-a-brigetio-oroksege-latogatokozpont-komaromban\" target=\"_blank\" rel=\"noopener\">https:\/\/frisshirek.hu\/cikk\/20230428_megnyilt-a-brigetio-oroksege-latogatokozpont-komaromban<\/a> (2023.04.28.)<\/li>\n\n\n\n<li><a href=\"http:\/\/www.regioregia.hu\/index.php?hir_id=9150\" target=\"_blank\" rel=\"noopener\">http:\/\/www.regioregia.hu\/index.php?hir_id=9150<\/a> (2023.04.28.)<\/li>\n\n\n\n<li><a href=\"https:\/\/mimegyenk.hu\/hirek\/brigetio-oroksege-modern-kontosben\" target=\"_blank\" rel=\"noopener\">https:\/\/mimegyenk.hu\/hirek\/brigetio-oroksege-modern-kontosben<\/a><\/li>\n\n\n\n<li><a href=\"https:\/\/turizmusonline.hu\/belfold\/cikk\/romai_tematikaju_latogatokozpont_nyilt_komaromban\" target=\"_blank\" rel=\"noopener\">https:\/\/turizmusonline.hu\/belfold\/cikk\/romai_tematikaju_latogatokozpont_nyilt_komaromban<\/a> (2023.04.28.)<\/li>\n\n\n\n<li><a href=\"https:\/\/www.magyarhirlap.hu\/kultura\/20230427-megnyilt-a-brigetio-oroksege-latogatokozpont-komaromban\" target=\"_blank\" rel=\"noopener\">https:\/\/www.magyarhirlap.hu\/kultura\/20230427-megnyilt-a-brigetio-oroksege-latogatokozpont-komaromban<\/a> (2023.04.28.)<\/li>\n\n\n\n<li>Kom\u00e1rom TV: <a href=\"http:\/\/komaromtv.hu\/2023\/04\/30\/megnyilt-a-brigetio-oroksege-latogatokozpont\/\" target=\"_blank\" rel=\"noopener\">http:\/\/komaromtv.hu\/2023\/04\/30\/megnyilt-a-brigetio-oroksege-latogatokozpont\/<\/a> (2023.04.30.)<\/li>\n\n\n\n<li><a href=\"https:\/\/turizmus.com\/desztinaciok\/romaiak-kadarok-es-a-termeszet-vilaga-sorra-nyilnak-a-latogatokozpontok-1186501\" target=\"_blank\" rel=\"noopener\">https:\/\/turizmus.com\/desztinaciok\/romaiak-kadarok-es-a-termeszet-vilaga-sorra-nyilnak-a-latogatokozpontok-1186501<\/a> (2023.05.01.)<\/li>\n\n\n\n<li><a href=\"https:\/\/www.programturizmus.hu\/hir-brigetio-oroksege-latogatokozpont.html\" target=\"_blank\" rel=\"noopener\">https:\/\/www.programturizmus.hu\/hir-brigetio-oroksege-latogatokozpont.html<\/a><\/li>\n\n\n\n<li><a href=\"https:\/\/www.kisalfold.hu\/helyi-kozelet\/2023\/05\/megnyilt-a-brigetio-oroksege-latogatokozpont-komaromban?fbclid=IwAR2rbIUkmGDfm0KUcMsMIclOlHtY3evrawcHvwAaKBM5xglsI0fbskMQDyI\" target=\"_blank\" rel=\"noopener\">https:\/\/www.kisalfold.hu\/helyi-kozelet\/2023\/05\/megnyilt-a-brigetio-oroksege-latogatokozpont-komaromban<\/a> (2023.05.02.)<\/li>\n\n\n\n<li>\u00c9p\u00edt\u00e9sih\u00edrek.hu: <a href=\"https:\/\/epitesihirek.hu\/2023\/05\/02\/komarom-elkeszult-a-brigetio-oroksege-latogatokozpont\/\" target=\"_blank\" rel=\"noopener\">https:\/\/epitesihirek.hu\/2023\/05\/02\/komarom-elkeszult-a-brigetio-oroksege-latogatokozpont\/<\/a> (2023.05.02.)<\/li>\n\n\n\n<li><a href=\"http:\/\/komarom.hu\/hir.php?hirid=6521\" target=\"_blank\" rel=\"noopener\">http:\/\/komarom.hu\/hir.php?hirid=6521<\/a> (2023.05.04.)<\/li>\n\n\n\n<li><a href=\"http:\/\/komarom.hu\/hir.php?hirid=6554\" target=\"_blank\" rel=\"noopener\">http:\/\/komarom.hu\/hir.php?hirid=6554<\/a> (2023.05.23.)<\/li>\n\n\n\n<li> Kom\u00e1romi \u00dajs\u00e1g, 2023. m\u00e1jus: <a href=\"http:\/\/www.komarom.hu\/komaromi_ujsag\/16_71.pdf\" target=\"_blank\" rel=\"noreferrer noopener\">http:\/\/www.komarom.hu\/komaromi_ujsag\/16_71.pdf<\/a>  <\/li>\n<\/ul>\n\n<div style=\"height:60px\" aria-hidden=\"true\" class=\"wp-block-spacer\"><\/div>\n\n<p><strong>Video na YouTube o projekte, n\u00e1v\u0161tevn\u00edckom centre (v ma\u010farskom jazyku):<\/strong><\/p>\n\n<ul class=\"wp-block-list\">\n<li>M\u00fazeum Gy\u00f6rgya Klapku v Kom\u00e1rome sa pres\u0165ahovalo do budovy b\u00fdval\u00e9ho kombin\u00e1tu: <a href=\"https:\/\/www.youtube.com\/watch?v=-PKLUgVmCPk\" target=\"_blank\" rel=\"noopener\">https:\/\/www.youtube.com\/watch?v=-PKLUgVmCPk<\/a><\/li>\n\n\n\n<li>Predstavujeme N\u00e1v\u0161tevn\u00edcke centrum dedi\u010dstva Brigetio: <a href=\"https:\/\/www.youtube.com\/watch?v=7qNdKAxpupQ&amp;t=2s\" target=\"_blank\" rel=\"noopener\">https:\/\/www.youtube.com\/watch?v=7qNdKAxpupQ<\/a><\/li>\n\n\n\n<li>N\u00e1v\u0161tevn\u00edcke centrum Brigetio otvorilo po\u010das udalosti Noc m\u00faze\u00ed: <a href=\"https:\/\/www.youtube.com\/watch?v=s_1lpdkte4o\" target=\"_blank\" rel=\"noopener\">https:\/\/www.youtube.com\/watch?v=s_1lpdkte4o<\/a> (2021.06.30.)<\/li>\n\n\n\n<li>Sarkof\u00e1gy u\u017e boli prenesen\u00e9 do N\u00e1v\u0161tevn\u00edckeho centra dedi\u010dstva Brigetio: <a href=\"https:\/\/www.youtube.com\/watch?v=tCTD8tYfSDk\" target=\"_blank\" rel=\"noopener\">https:\/\/www.youtube.com\/watch?v=tCTD8tYfSDk<\/a> (2022.11.11.)<\/li>\n\n\n\n<li>Prech\u00e1dzka N\u00e1v\u0161tevn\u00edckym centrom dedi\u010dstva Brigetio 25. febru\u00e1ra: <a href=\"https:\/\/www.youtube.com\/watch?v=bd_mztheHXs\" target=\"_blank\" rel=\"noopener\">https:\/\/www.youtube.com\/watch?v=bd_mztheHXs<\/a> (2023.02.25.)<\/li>\n\n\n\n<li>Br\u00e1ny N\u00e1v\u0161tevn\u00edckeho centra dedi\u010dstva Brigetio sa znovu otvorili na jeden de\u0148: <a href=\"https:\/\/www.youtube.com\/watch?v=insCoBxyqiY\" target=\"_blank\" rel=\"noopener\">https:\/\/www.youtube.com\/watch?v=insCoBxyqiY<\/a> (2023.03.)<\/li>\n\n\n\n<li>Otvorenie N\u00e1v\u0161tevn\u00edckeho centra dedi\u010dstva Brigetio: <a href=\"https:\/\/www.youtube.com\/watch?v=OFlHown4cjA\" target=\"_blank\" rel=\"noopener\">https:\/\/www.youtube.com\/watch?v=OFlHown4cjA<\/a> (Zdroj: KTV)<\/li>\n<\/ul>\n","protected":false},"excerpt":{"rendered":"<p>Tla\u010dov\u00e9 spr\u00e1vy t\u00fdkaj\u00face sa N\u00e1v\u0161tevn\u00edckeho centra Brigetio a jeho otvorenia (v ma\u010farskom jazyku): Video na YouTube o projekte, n\u00e1v\u0161tevn\u00edckom centre (v ma\u010farskom jazyku):<\/p>\n","protected":false},"author":1,"featured_media":0,"parent":0,"menu_order":0,"comment_status":"closed","ping_status":"closed","template":"","meta":{"_acf_changed":false,"footnotes":""},"class_list":["post-3366","page","type-page","status-publish","hentry"],"acf":[],"_links":{"self":[{"href":"https:\/\/brigetio.hu\/sk\/wp-json\/wp\/v2\/pages\/3366","targetHints":{"allow":["GET"]}}],"collection":[{"href":"https:\/\/brigetio.hu\/sk\/wp-json\/wp\/v2\/pages"}],"about":[{"href":"https:\/\/brigetio.hu\/sk\/wp-json\/wp\/v2\/types\/page"}],"author":[{"embeddable":true,"href":"https:\/\/brigetio.hu\/sk\/wp-json\/wp\/v2\/users\/1"}],"replies":[{"embeddable":true,"href":"https:\/\/brigetio.hu\/sk\/wp-json\/wp\/v2\/comments?post=3366"}],"version-history":[{"count":10,"href":"https:\/\/brigetio.hu\/sk\/wp-json\/wp\/v2\/pages\/3366\/revisions"}],"predecessor-version":[{"id":3853,"href":"https:\/\/brigetio.hu\/sk\/wp-json\/wp\/v2\/pages\/3366\/revisions\/3853"}],"wp:attachment":[{"href":"https:\/\/brigetio.hu\/sk\/wp-json\/wp\/v2\/media?parent=3366"}],"curies":[{"name":"wp","href":"https:\/\/api.w.org\/{rel}","templated":true}]}}